{"id":5,"date":"2024-08-08T07:49:29","date_gmt":"2024-08-08T07:49:29","guid":{"rendered":"https:\/\/maxpertici.fr\/french\/?page_id=5"},"modified":"2026-04-25T07:39:37","modified_gmt":"2026-04-25T07:39:37","slug":"developpeur-wordpress","status":"publish","type":"page","link":"https:\/\/maxpertici.fr\/fr\/","title":{"rendered":"D\u00e9veloppeur WordPress"},"content":{"rendered":"\n<div class=\"wp-block-group alignfull has-global-padding is-layout-constrained wp-container-core-group-is-layout-669513ed wp-block-group-is-layout-constrained\" style=\"margin-top:0;margin-bottom:0;padding-top:var(--wp--preset--spacing--50);padding-right:var(--wp--preset--spacing--50);padding-bottom:var(--wp--preset--spacing--50);padding-left:var(--wp--preset--spacing--50)\">\n<div class=\"wp-block-group alignwide is-vertical is-content-justification-left is-layout-flex wp-container-core-group-is-layout-c6e5b353 wp-block-group-is-layout-flex\">\n<div class=\"wp-block-group has-global-padding is-layout-constrained wp-container-core-group-is-layout-323ad33e wp-block-group-is-layout-constrained\" style=\"padding-right:0\">\n<div class=\"wp-block-group is-nowrap is-layout-flex wp-container-core-group-is-layout-c0d5ccf6 wp-block-group-is-layout-flex\">\n<figure class=\"wp-block-image size-medium is-resized has-custom-border is-style-default block-visibility-hide-small-screen\" style=\"margin-right:12px;margin-left:-50px\"><img decoding=\"async\" src=\"https:\/\/maxpertici.fr\/wp-content\/uploads\/2022\/12\/2yIp5_kJ_400x400-300x300.png\" alt=\"\" class=\"wp-image-303\" style=\"border-top-left-radius:100px;border-top-right-radius:100px;border-bottom-left-radius:100px;border-bottom-right-radius:100px;width:38px\"\/><\/figure>\n\n\n\n<p class=\"has-x-large-font-size\" style=\"line-height:0.8\"><strong>Hello<\/strong><\/p>\n<\/div>\n\n\n\n<p class=\"has-large-font-size\" style=\"margin-top:24px\">Je suis <a href=\"https:\/\/twitter.com\/maxpertici\"><mark style=\"background-color:rgba(0, 0, 0, 0);color:#32b3b2\" class=\"has-inline-color\">@maxpertici<\/mark><\/a>, Theme developer chez <a href=\"https:\/\/beapi.fr\/\"><mark style=\"background-color:rgba(0, 0, 0, 0)\" class=\"has-inline-color has-custom-vert-color\">Be API<\/mark><\/a>.<br><a href=\"https:\/\/directory.opquast.com\/fr\/certificat\/NKV8SP\/\" target=\"_blank\" rel=\"noreferrer noopener\"><mark style=\"background-color:rgba(0, 0, 0, 0)\" class=\"has-inline-color has-custom-vert-color\">Certifi\u00e9 Opquast<\/mark><\/a>, je d\u00e9veloppe toujours un ou des projets personnels pour exp\u00e9rimenter.<\/p>\n\n\n\n<div class=\"wp-block-buttons is-layout-flex wp-block-buttons-is-layout-flex\">\n<div class=\"wp-block-button is-style-outline is-style-outline--1\"><a class=\"wp-block-button__link wp-element-button\" href=\"https:\/\/maxpertici.fr\/fr\/a-propos\/\">\u00c0 propos<\/a><\/div>\n\n\n\n<div class=\"wp-block-button is-style-outline is-style-outline--2\"><a class=\"wp-block-button__link wp-element-button\" href=\"https:\/\/maxpertici.fr\/fr\/contribution\/\">Contribution<\/a><\/div>\n<\/div>\n<\/div>\n<\/div>\n<\/div>\n\n\n\n<div class=\"wp-block-group alignfull has-base-2-background-color has-background has-global-padding is-layout-constrained wp-container-core-group-is-layout-669513ed wp-block-group-is-layout-constrained\" style=\"border-top-color:#f0f0f0;border-top-width:1px;margin-top:0;margin-bottom:0;padding-top:var(--wp--preset--spacing--50);padding-right:var(--wp--preset--spacing--50);padding-bottom:var(--wp--preset--spacing--50);padding-left:var(--wp--preset--spacing--50)\">\n<div class=\"wp-block-group alignwide is-layout-flow wp-container-core-group-is-layout-3d85ec81 wp-block-group-is-layout-flow\" style=\"padding-right:0\">\n<div class=\"wp-block-group is-nowrap is-layout-flex wp-container-core-group-is-layout-c0d5ccf6 wp-block-group-is-layout-flex\">\n<p class=\"has-large-font-size\" style=\"line-height:0.8\"><strong>GitHub<\/strong><\/p>\n<\/div>\n\n\n\n<div class=\"wp-block-group is-layout-grid wp-container-core-group-is-layout-b618bbd3 wp-block-group-is-layout-grid\" style=\"margin-top:24px\">\n<div class=\"wp-block-group has-border-color has-global-padding is-layout-constrained wp-container-core-group-is-layout-86dba5ee wp-block-group-is-layout-constrained\" style=\"border-color:#f0f0f0;border-top-left-radius:8px;border-top-right-radius:8px;border-bottom-left-radius:8px;border-bottom-right-radius:8px;padding-top:var(--wp--preset--spacing--10);padding-right:var(--wp--preset--spacing--10);padding-bottom:var(--wp--preset--spacing--10);padding-left:var(--wp--preset--spacing--10)\">\n<div class=\"wp-block-group is-content-justification-space-between is-nowrap is-layout-flex wp-container-core-group-is-layout-68e5bc1b wp-block-group-is-layout-flex\">\n<p class=\"has-body-font-family has-medium-font-size\"><a href=\"https:\/\/github.com\/maxpertici\/responsive-settings\"><strong>responsive-settings<\/strong><\/a><\/p>\n\n\n\n<p class=\"github-tag github-tag--private\" style=\"font-style:normal;font-weight:500\">WIP<\/p>\n<\/div>\n\n\n\n<p class=\"has-small-font-size\">Responsive Settings adds a responsive workflow directly inside the Gutenberg editor.<\/p>\n<\/div>\n\n\n\n<div class=\"wp-block-group has-border-color has-global-padding is-layout-constrained wp-container-core-group-is-layout-86dba5ee wp-block-group-is-layout-constrained\" style=\"border-color:#f0f0f0;border-top-left-radius:8px;border-top-right-radius:8px;border-bottom-left-radius:8px;border-bottom-right-radius:8px;padding-top:var(--wp--preset--spacing--10);padding-right:var(--wp--preset--spacing--10);padding-bottom:var(--wp--preset--spacing--10);padding-left:var(--wp--preset--spacing--10)\">\n<div class=\"wp-block-group is-content-justification-space-between is-nowrap is-layout-flex wp-container-core-group-is-layout-68e5bc1b wp-block-group-is-layout-flex\">\n<p class=\"has-body-font-family has-medium-font-size\"><a href=\"https:\/\/github.com\/maxpertici\/gutenberg-markup\"><strong>gutenberg-markup<\/strong><\/a><\/p>\n\n\n\n<p class=\"github-tag github-tag--poc\" style=\"font-style:normal;font-weight:500\">WIP<\/p>\n<\/div>\n\n\n\n<p class=\"has-small-font-size\">Object-oriented PHP utility for generating and managing Gutenberg block HTML.<\/p>\n<\/div>\n\n\n\n<div class=\"wp-block-group has-border-color has-global-padding is-layout-constrained wp-container-core-group-is-layout-86dba5ee wp-block-group-is-layout-constrained\" style=\"border-color:#f0f0f0;border-top-left-radius:8px;border-top-right-radius:8px;border-bottom-left-radius:8px;border-bottom-right-radius:8px;padding-top:var(--wp--preset--spacing--10);padding-right:var(--wp--preset--spacing--10);padding-bottom:var(--wp--preset--spacing--10);padding-left:var(--wp--preset--spacing--10)\">\n<p class=\"has-body-font-family has-medium-font-size\"><a href=\"https:\/\/github.com\/maxpertici\/markup\"><strong>markup<\/strong><\/a><\/p>\n\n\n\n<p class=\"has-small-font-size\">A flexible system for building and rendering HTML markup structures.<\/p>\n<\/div>\n\n\n\n<div class=\"wp-block-group has-border-color has-global-padding is-layout-constrained wp-container-core-group-is-layout-86dba5ee wp-block-group-is-layout-constrained\" style=\"border-color:#f0f0f0;border-top-left-radius:8px;border-top-right-radius:8px;border-bottom-left-radius:8px;border-bottom-right-radius:8px;padding-top:var(--wp--preset--spacing--10);padding-right:var(--wp--preset--spacing--10);padding-bottom:var(--wp--preset--spacing--10);padding-left:var(--wp--preset--spacing--10)\">\n<p class=\"has-body-font-family has-medium-font-size\"><a href=\"https:\/\/github.com\/maxpertici\/button-icons\"><strong>button-icons<\/strong><\/a><\/p>\n\n\n\n<p class=\"has-small-font-size\">Add button icons to Gutenberg buttons.<\/p>\n<\/div>\n\n\n\n<div class=\"wp-block-group has-border-color has-global-padding is-layout-constrained wp-container-core-group-is-layout-86dba5ee wp-block-group-is-layout-constrained\" style=\"border-color:#f0f0f0;border-top-left-radius:8px;border-top-right-radius:8px;border-bottom-left-radius:8px;border-bottom-right-radius:8px;padding-top:var(--wp--preset--spacing--10);padding-right:var(--wp--preset--spacing--10);padding-bottom:var(--wp--preset--spacing--10);padding-left:var(--wp--preset--spacing--10)\">\n<p class=\"has-body-font-family has-medium-font-size\"><a href=\"https:\/\/github.com\/maxpertici\/block-attributes\"><strong>block-attributes<\/strong><\/a><\/p>\n\n\n\n<p class=\"has-small-font-size\">Add additionnals attributes on Gutenberg Blocks.<\/p>\n<\/div>\n\n\n\n<div class=\"wp-block-group has-border-color has-global-padding is-layout-constrained wp-container-core-group-is-layout-86dba5ee wp-block-group-is-layout-constrained\" style=\"border-color:#f0f0f0;border-top-left-radius:8px;border-top-right-radius:8px;border-bottom-left-radius:8px;border-bottom-right-radius:8px;padding-top:var(--wp--preset--spacing--10);padding-right:var(--wp--preset--spacing--10);padding-bottom:var(--wp--preset--spacing--10);padding-left:var(--wp--preset--spacing--10)\">\n<div class=\"wp-block-group is-content-justification-space-between is-nowrap is-layout-flex wp-container-core-group-is-layout-68e5bc1b wp-block-group-is-layout-flex\">\n<p class=\"has-body-font-family has-medium-font-size\"><strong><a href=\"https:\/\/github.com\/maxpertici\/layout-widths\">layout-widths<\/a><\/strong><\/p>\n\n\n\n<p class=\"github-tag github-tag--poc\" style=\"font-style:normal;font-weight:500\">POC<\/p>\n<\/div>\n\n\n\n<p class=\"has-small-font-size\">Add support for custom custom layout width.<\/p>\n<\/div>\n<\/div>\n<\/div>\n<\/div>\n\n\n\n<div class=\"wp-block-group alignfull has-base-background-color has-background has-global-padding is-layout-constrained wp-container-core-group-is-layout-669513ed wp-block-group-is-layout-constrained\" style=\"border-top-color:#f0f0f0;border-top-width:1px;margin-top:0;margin-bottom:0;padding-top:var(--wp--preset--spacing--50);padding-right:var(--wp--preset--spacing--50);padding-bottom:var(--wp--preset--spacing--50);padding-left:var(--wp--preset--spacing--50)\">\n<div class=\"wp-block-group alignwide is-layout-flow wp-block-group-is-layout-flow\" style=\"padding-right:0\">\n<div class=\"wp-block-group is-nowrap is-layout-flex wp-container-core-group-is-layout-c0d5ccf6 wp-block-group-is-layout-flex\">\n<p class=\"has-large-font-size\" style=\"line-height:0.8\"><strong>WP.org<\/strong><\/p>\n<\/div>\n\n\n\n<div class=\"wp-block-group is-layout-grid wp-container-core-group-is-layout-b618bbd3 wp-block-group-is-layout-grid\" style=\"margin-top:24px\">\n<div class=\"wp-block-group has-border-color has-base-2-background-color has-background has-global-padding is-layout-constrained wp-container-core-group-is-layout-86dba5ee wp-block-group-is-layout-constrained\" style=\"border-color:#f0f0f0;border-top-left-radius:8px;border-top-right-radius:8px;border-bottom-left-radius:8px;border-bottom-right-radius:8px;padding-top:var(--wp--preset--spacing--10);padding-right:var(--wp--preset--spacing--10);padding-bottom:var(--wp--preset--spacing--10);padding-left:var(--wp--preset--spacing--10)\">\n<div class=\"wp-block-group is-content-justification-space-between is-nowrap is-layout-flex wp-container-core-group-is-layout-68e5bc1b wp-block-group-is-layout-flex\">\n<p class=\"has-body-font-family has-medium-font-size\"><strong><a href=\"https:\/\/wordpress.org\/plugins\/wp-block-revealer\/\">wp-block-revealer<\/a><\/strong><\/p>\n\n\n\n<p class=\"github-tag github-tag--poc\" style=\"font-style:normal;font-weight:500\">200+<\/p>\n<\/div>\n\n\n\n<p class=\"has-small-font-size\">Hightlight your blocks and stop clicking everywhere to find them.<\/p>\n<\/div>\n\n\n\n<div class=\"wp-block-group has-border-color has-base-2-background-color has-background has-global-padding is-layout-constrained wp-container-core-group-is-layout-86dba5ee wp-block-group-is-layout-constrained\" style=\"border-color:#f0f0f0;border-top-left-radius:8px;border-top-right-radius:8px;border-bottom-left-radius:8px;border-bottom-right-radius:8px;padding-top:var(--wp--preset--spacing--10);padding-right:var(--wp--preset--spacing--10);padding-bottom:var(--wp--preset--spacing--10);padding-left:var(--wp--preset--spacing--10)\">\n<div class=\"wp-block-group is-content-justification-space-between is-nowrap is-layout-flex wp-container-core-group-is-layout-68e5bc1b wp-block-group-is-layout-flex\">\n<p class=\"has-body-font-family has-medium-font-size\"><strong><a href=\"https:\/\/wordpress.org\/plugins\/menu-item-types\/\">menu-item-types<\/a><\/strong><\/p>\n\n\n\n<p class=\"github-tag github-tag--poc\" style=\"font-style:normal;font-weight:500\">90+<\/p>\n<\/div>\n\n\n\n<p class=\"has-small-font-size\">Menu Item Types makes it easy to add your own custom elements in to your classic WordPress navigation menus.<\/p>\n<\/div>\n<\/div>\n<\/div>\n<\/div>\n","protected":false},"excerpt":{"rendered":"<p>Hello Je suis @maxpertici, Theme developer chez Be API.Certifi\u00e9 Opquast, je d\u00e9veloppe toujours un ou des projets personnels pour exp\u00e9rimenter. GitHub responsive-settings WIP Responsive Settings adds a responsive workflow directly inside the Gutenberg editor. gutenberg-markup WIP Object-oriented PHP utility for generating and managing Gutenberg block HTML. markup A flexible system for building and rendering HTML [&hellip;]<\/p>\n","protected":false},"author":1,"featured_media":0,"parent":0,"menu_order":0,"comment_status":"closed","ping_status":"closed","template":"wp-custom-template-page-no-title-fr","meta":{"footnotes":""},"class_list":["post-5","page","type-page","status-publish","hentry"],"yoast_head":"<!-- This site is optimized with the Yoast SEO plugin v27.5 - https:\/\/yoast.com\/product\/yoast-seo-wordpress\/ -->\n<title>D\u00e9veloppeur WordPress - @maxpertici<\/title>\n<meta name=\"description\" content=\"Theme developer chez Be API. Certifi\u00e9 Opquast, je d\u00e9veloppe toujours un ou des projets personnels pour exp\u00e9rimenter.\" \/>\n<meta name=\"robots\" content=\"index, follow, max-snippet:-1, max-image-preview:large, max-video-preview:-1\" \/>\n<link rel=\"canonical\" href=\"https:\/\/maxpertici.fr\/fr\/\" \/>\n<meta property=\"og:locale\" content=\"fr_FR\" \/>\n<meta property=\"og:type\" content=\"article\" \/>\n<meta property=\"og:title\" content=\"D\u00e9veloppeur WordPress - @maxpertici\" \/>\n<meta property=\"og:description\" content=\"Theme developer chez Be API. Certifi\u00e9 Opquast, je d\u00e9veloppe toujours un ou des projets personnels pour exp\u00e9rimenter.\" \/>\n<meta property=\"og:url\" content=\"https:\/\/maxpertici.fr\/fr\/\" \/>\n<meta property=\"og:site_name\" content=\"@maxpertici\" \/>\n<meta property=\"article:modified_time\" content=\"2026-04-25T07:39:37+00:00\" \/>\n<meta name=\"twitter:card\" content=\"summary_large_image\" \/>\n<meta name=\"twitter:label1\" content=\"Dur\u00e9e de lecture estim\u00e9e\" \/>\n\t<meta name=\"twitter:data1\" content=\"1 minute\" \/>\n<script type=\"application\/ld+json\" class=\"yoast-schema-graph\">{\"@context\":\"https:\\\/\\\/schema.org\",\"@graph\":[{\"@type\":\"WebPage\",\"@id\":\"https:\\\/\\\/maxpertici.fr\\\/fr\\\/\",\"url\":\"https:\\\/\\\/maxpertici.fr\\\/fr\\\/\",\"name\":\"D\u00e9veloppeur WordPress - @maxpertici\",\"isPartOf\":{\"@id\":\"https:\\\/\\\/maxpertici.fr\\\/fr\\\/#website\"},\"primaryImageOfPage\":{\"@id\":\"https:\\\/\\\/maxpertici.fr\\\/fr\\\/#primaryimage\"},\"image\":{\"@id\":\"https:\\\/\\\/maxpertici.fr\\\/fr\\\/#primaryimage\"},\"thumbnailUrl\":\"https:\\\/\\\/maxpertici.fr\\\/wp-content\\\/uploads\\\/2022\\\/12\\\/2yIp5_kJ_400x400-300x300.png\",\"datePublished\":\"2024-08-08T07:49:29+00:00\",\"dateModified\":\"2026-04-25T07:39:37+00:00\",\"description\":\"Theme developer chez Be API. Certifi\u00e9 Opquast, je d\u00e9veloppe toujours un ou des projets personnels pour exp\u00e9rimenter.\",\"breadcrumb\":{\"@id\":\"https:\\\/\\\/maxpertici.fr\\\/fr\\\/#breadcrumb\"},\"inLanguage\":\"fr-FR\",\"potentialAction\":[{\"@type\":\"ReadAction\",\"target\":[\"https:\\\/\\\/maxpertici.fr\\\/fr\\\/\"]}]},{\"@type\":\"ImageObject\",\"inLanguage\":\"fr-FR\",\"@id\":\"https:\\\/\\\/maxpertici.fr\\\/fr\\\/#primaryimage\",\"url\":\"https:\\\/\\\/maxpertici.fr\\\/wp-content\\\/uploads\\\/2022\\\/12\\\/2yIp5_kJ_400x400-300x300.png\",\"contentUrl\":\"https:\\\/\\\/maxpertici.fr\\\/wp-content\\\/uploads\\\/2022\\\/12\\\/2yIp5_kJ_400x400-300x300.png\"},{\"@type\":\"BreadcrumbList\",\"@id\":\"https:\\\/\\\/maxpertici.fr\\\/fr\\\/#breadcrumb\",\"itemListElement\":[{\"@type\":\"ListItem\",\"position\":1,\"name\":\"Accueil\",\"item\":\"https:\\\/\\\/maxpertici.fr\\\/fr\\\/\"},{\"@type\":\"ListItem\",\"position\":2,\"name\":\"D\u00e9veloppeur WordPress\"}]},{\"@type\":\"WebSite\",\"@id\":\"https:\\\/\\\/maxpertici.fr\\\/fr\\\/#website\",\"url\":\"https:\\\/\\\/maxpertici.fr\\\/fr\\\/\",\"name\":\"@maxpertici\",\"description\":\"D\u00e9veloppeur WordPress\",\"publisher\":{\"@id\":\"https:\\\/\\\/maxpertici.fr\\\/fr\\\/#organization\"},\"potentialAction\":[{\"@type\":\"SearchAction\",\"target\":{\"@type\":\"EntryPoint\",\"urlTemplate\":\"https:\\\/\\\/maxpertici.fr\\\/fr\\\/?s={search_term_string}\"},\"query-input\":{\"@type\":\"PropertyValueSpecification\",\"valueRequired\":true,\"valueName\":\"search_term_string\"}}],\"inLanguage\":\"fr-FR\"},{\"@type\":\"Organization\",\"@id\":\"https:\\\/\\\/maxpertici.fr\\\/fr\\\/#organization\",\"name\":\"@maxpertici\",\"url\":\"https:\\\/\\\/maxpertici.fr\\\/fr\\\/\",\"logo\":{\"@type\":\"ImageObject\",\"inLanguage\":\"fr-FR\",\"@id\":\"https:\\\/\\\/maxpertici.fr\\\/fr\\\/#\\\/schema\\\/logo\\\/image\\\/\",\"url\":\"https:\\\/\\\/maxpertici.fr\\\/fr\\\/wp-content\\\/uploads\\\/sites\\\/3\\\/2026\\\/03\\\/1630568236441.jpeg\",\"contentUrl\":\"https:\\\/\\\/maxpertici.fr\\\/fr\\\/wp-content\\\/uploads\\\/sites\\\/3\\\/2026\\\/03\\\/1630568236441.jpeg\",\"width\":200,\"height\":200,\"caption\":\"@maxpertici\"},\"image\":{\"@id\":\"https:\\\/\\\/maxpertici.fr\\\/fr\\\/#\\\/schema\\\/logo\\\/image\\\/\"}}]}<\/script>\n<!-- \/ Yoast SEO plugin. -->","yoast_head_json":{"title":"D\u00e9veloppeur WordPress - @maxpertici","description":"Theme developer chez Be API. Certifi\u00e9 Opquast, je d\u00e9veloppe toujours un ou des projets personnels pour exp\u00e9rimenter.","robots":{"index":"index","follow":"follow","max-snippet":"max-snippet:-1","max-image-preview":"max-image-preview:large","max-video-preview":"max-video-preview:-1"},"canonical":"https:\/\/maxpertici.fr\/fr\/","og_locale":"fr_FR","og_type":"article","og_title":"D\u00e9veloppeur WordPress - @maxpertici","og_description":"Theme developer chez Be API. Certifi\u00e9 Opquast, je d\u00e9veloppe toujours un ou des projets personnels pour exp\u00e9rimenter.","og_url":"https:\/\/maxpertici.fr\/fr\/","og_site_name":"@maxpertici","article_modified_time":"2026-04-25T07:39:37+00:00","twitter_card":"summary_large_image","twitter_misc":{"Dur\u00e9e de lecture estim\u00e9e":"1 minute"},"schema":{"@context":"https:\/\/schema.org","@graph":[{"@type":"WebPage","@id":"https:\/\/maxpertici.fr\/fr\/","url":"https:\/\/maxpertici.fr\/fr\/","name":"D\u00e9veloppeur WordPress - @maxpertici","isPartOf":{"@id":"https:\/\/maxpertici.fr\/fr\/#website"},"primaryImageOfPage":{"@id":"https:\/\/maxpertici.fr\/fr\/#primaryimage"},"image":{"@id":"https:\/\/maxpertici.fr\/fr\/#primaryimage"},"thumbnailUrl":"https:\/\/maxpertici.fr\/wp-content\/uploads\/2022\/12\/2yIp5_kJ_400x400-300x300.png","datePublished":"2024-08-08T07:49:29+00:00","dateModified":"2026-04-25T07:39:37+00:00","description":"Theme developer chez Be API. Certifi\u00e9 Opquast, je d\u00e9veloppe toujours un ou des projets personnels pour exp\u00e9rimenter.","breadcrumb":{"@id":"https:\/\/maxpertici.fr\/fr\/#breadcrumb"},"inLanguage":"fr-FR","potentialAction":[{"@type":"ReadAction","target":["https:\/\/maxpertici.fr\/fr\/"]}]},{"@type":"ImageObject","inLanguage":"fr-FR","@id":"https:\/\/maxpertici.fr\/fr\/#primaryimage","url":"https:\/\/maxpertici.fr\/wp-content\/uploads\/2022\/12\/2yIp5_kJ_400x400-300x300.png","contentUrl":"https:\/\/maxpertici.fr\/wp-content\/uploads\/2022\/12\/2yIp5_kJ_400x400-300x300.png"},{"@type":"BreadcrumbList","@id":"https:\/\/maxpertici.fr\/fr\/#breadcrumb","itemListElement":[{"@type":"ListItem","position":1,"name":"Accueil","item":"https:\/\/maxpertici.fr\/fr\/"},{"@type":"ListItem","position":2,"name":"D\u00e9veloppeur WordPress"}]},{"@type":"WebSite","@id":"https:\/\/maxpertici.fr\/fr\/#website","url":"https:\/\/maxpertici.fr\/fr\/","name":"@maxpertici","description":"D\u00e9veloppeur WordPress","publisher":{"@id":"https:\/\/maxpertici.fr\/fr\/#organization"},"potentialAction":[{"@type":"SearchAction","target":{"@type":"EntryPoint","urlTemplate":"https:\/\/maxpertici.fr\/fr\/?s={search_term_string}"},"query-input":{"@type":"PropertyValueSpecification","valueRequired":true,"valueName":"search_term_string"}}],"inLanguage":"fr-FR"},{"@type":"Organization","@id":"https:\/\/maxpertici.fr\/fr\/#organization","name":"@maxpertici","url":"https:\/\/maxpertici.fr\/fr\/","logo":{"@type":"ImageObject","inLanguage":"fr-FR","@id":"https:\/\/maxpertici.fr\/fr\/#\/schema\/logo\/image\/","url":"https:\/\/maxpertici.fr\/fr\/wp-content\/uploads\/sites\/3\/2026\/03\/1630568236441.jpeg","contentUrl":"https:\/\/maxpertici.fr\/fr\/wp-content\/uploads\/sites\/3\/2026\/03\/1630568236441.jpeg","width":200,"height":200,"caption":"@maxpertici"},"image":{"@id":"https:\/\/maxpertici.fr\/fr\/#\/schema\/logo\/image\/"}}]}},"_links":{"self":[{"href":"https:\/\/maxpertici.fr\/fr\/wp-json\/wp\/v2\/pages\/5","targetHints":{"allow":["GET"]}}],"collection":[{"href":"https:\/\/maxpertici.fr\/fr\/wp-json\/wp\/v2\/pages"}],"about":[{"href":"https:\/\/maxpertici.fr\/fr\/wp-json\/wp\/v2\/types\/page"}],"author":[{"embeddable":true,"href":"https:\/\/maxpertici.fr\/fr\/wp-json\/wp\/v2\/users\/1"}],"replies":[{"embeddable":true,"href":"https:\/\/maxpertici.fr\/fr\/wp-json\/wp\/v2\/comments?post=5"}],"version-history":[{"count":48,"href":"https:\/\/maxpertici.fr\/fr\/wp-json\/wp\/v2\/pages\/5\/revisions"}],"predecessor-version":[{"id":477,"href":"https:\/\/maxpertici.fr\/fr\/wp-json\/wp\/v2\/pages\/5\/revisions\/477"}],"wp:attachment":[{"href":"https:\/\/maxpertici.fr\/fr\/wp-json\/wp\/v2\/media?parent=5"}],"curies":[{"name":"wp","href":"https:\/\/api.w.org\/{rel}","templated":true}]}}